{"id":9,"date":"2020-12-02T01:34:07","date_gmt":"2020-12-02T01:34:07","guid":{"rendered":"https:\/\/www.utn.edu.ec\/tifloteca\/?page_id=9"},"modified":"2021-04-08T17:53:27","modified_gmt":"2021-04-08T17:53:27","slug":"legislacion","status":"publish","type":"page","link":"https:\/\/tifloteca.utn.edu.ec\/index.php\/legislacion\/","title":{"rendered":"Legislaci\u00f3n"},"content":{"rendered":"\n<p>Encontrar\u00e1s de manera resumida la base legal existente en el pa\u00eds para apoyo a las discapacidades.<\/p>\n\n\n\n<p>1. En la <strong>Constituci\u00f3n Pol\u00edtica del Ecuador<\/strong>, <a href=\"javascript:Vincular('202893')\">Art\u00edculo 11.-<\/a><strong>&nbsp;<\/strong>El ejercicio de los derechos se regir\u00e1 por los siguientes principios:<\/p>\n\n\n\n<p>Todas las personas son iguales y gozar\u00e1n de los mismos derechos, deberes y oportunidades.<\/p>\n\n\n\n<p>Nadie podr\u00e1 ser discriminado por razones de etnia, lugar de nacimiento, edad, sexo, identidad de g\u00e9nero, identidad cultural, estado civil, idioma, religi\u00f3n, ideolog\u00eda, filiaci\u00f3n pol\u00edtica, pasado judicial, condici\u00f3n socio-econ\u00f3mica, condici\u00f3n migratoria, orientaci\u00f3n sexual, estado de salud, portar VIH, discapacidad, diferencia f\u00edsica; ni por cualquier otra distinci\u00f3n, personal o colectiva, temporal o permanente, que tenga por objeto o resultado menoscabar o anular el reconocimiento, goce o ejercicio de los derechos. La ley sancionar\u00e1 toda forma de discriminaci\u00f3n.<\/p>\n\n\n\n<p>El Estado adoptar\u00e1 medidas de <strong>acci\u00f3n afirmativa<\/strong> que promuevan la igualdad real en favor de los titulares de derechos que se encuentren en situaci\u00f3n de desigualdad.<\/p>\n\n\n\n<p>2. El <strong>Plan Nacional de Desarrollo<\/strong> en el cap\u00edtulo III, se establece: \u201c\u2026El mantenimiento del colonialismo interno, que ha generado profundos procesos de exclusi\u00f3n, requiere de&nbsp;<strong>acciones&nbsp;afirmativas<\/strong> hacia los grupos excluidos que permitan superar la discriminaci\u00f3n en una perspectiva de justicia hist\u00f3rica\u201d,<\/p>\n\n\n\n<p>En el cap\u00edtulo VII, pol\u00edtica 1.4. literal m) se determina \u201cFomentar&nbsp;<strong>acciones&nbsp;afirmativas<\/strong> que beneficien el acceso y la generaci\u00f3n de infraestructuras de apoyo para la producci\u00f3n y comercializaci\u00f3n, <strong>ciencia y tecnolog\u00eda<\/strong>, <strong>informaci\u00f3n, <\/strong>conocimientos ancestrales, <strong>capacitaci\u00f3n,<\/strong> asistencia t\u00e9cnica y financiamiento a los grupos humanos hist\u00f3ricamente excluidos social, econ\u00f3mica y territorialmente.<\/p>\n\n\n\n<p>3. En la <strong>Ley Org\u00e1nica de Discapacidades<\/strong> se indica \u201c\u2026El numeral segundo del art\u00edculo 11 de la Constituci\u00f3n de la Rep\u00fablica dispone que <strong>nadie podr\u00e1 ser discriminado entre otras razones por motivos de discapacidad<\/strong> y que el Estado adoptar\u00e1 medidas de&nbsp;<strong>acci\u00f3n&nbsp;afirmativa<\/strong>&nbsp;que promuevan la igualdad real a favor de los titulares de derechos que se encuentre en situaci\u00f3n de desigualdad\u201d<\/p>\n\n\n\n<p>4. <strong>Tratado Marrakech: <\/strong>fue adoptado el 27 de junio de 2013, y el 30 de junio de 2016 se cumpli\u00f3 el objetivo de lograr que 20 Partes que re\u00fanen las condiciones requeridas presentasen su instrumento de ratificaci\u00f3n o de adhesi\u00f3n.&nbsp;El Tratado entr\u00f3 en vigor para esas 20 Partes el 30 de septiembre de 2016.&nbsp;En la actualidad ya hay m\u00e1s de 70 pa\u00edses adheridos.<\/p>\n\n\n\n<p><strong>En Ecuador<\/strong>.<\/p>\n\n\n\n<p>El Pleno de la Asamblea Nacional, el 7 de abril de 2016 resolvi\u00f3 aprobar el \u201cTratado de Marrakech para facilitar el acceso a las obras publicadas a personas ciegas, con discapacidad visual o con otras dificultades para acceder a texto impreso\u201d, y, en ejercicio de la facultad conferida por el Art\u00edculo 147 numeral 10 de la Constituci\u00f3n de la Rep\u00fablica, Decreta:<\/p>\n\n\n\n<p><strong>ART\u00cdCULO \u00daNICO<\/strong>. &#8211; Ratificase en todos sus Art\u00edculos el \u201cTratado de Marrakech para facilitar el acceso a las obras publicadas a personas ciegas, con discapacidad visual o con otras dificultades para acceder a texto impreso\u201d.<\/p>\n","protected":false},"excerpt":{"rendered":"<p>Encontrar\u00e1s de manera resumida la base legal existente en el pa\u00eds para apoyo a las discapacidades. 1. En la Constituci\u00f3n Pol\u00edtica del Ecuador, Art\u00edculo 11.-&nbsp;El ejercicio de los derechos se&hellip;<a href=\"https:\/\/tifloteca.utn.edu.ec\/index.php\/legislacion\/\" class=\"more-link\"><span class=\"more-button\">Leer m\u00e1s<span class=\"screen-reader-text\">Legislaci\u00f3n<\/span><\/span><\/a><\/p>\n","protected":false},"author":2,"featured_media":0,"parent":0,"menu_order":0,"comment_status":"closed","ping_status":"closed","template":"","meta":[],"_links":{"self":[{"href":"https:\/\/tifloteca.utn.edu.ec\/index.php\/wp-json\/wp\/v2\/pages\/9"}],"collection":[{"href":"https:\/\/tifloteca.utn.edu.ec\/index.php\/wp-json\/wp\/v2\/pages"}],"about":[{"href":"https:\/\/tifloteca.utn.edu.ec\/index.php\/wp-json\/wp\/v2\/types\/page"}],"author":[{"embeddable":true,"href":"https:\/\/tifloteca.utn.edu.ec\/index.php\/wp-json\/wp\/v2\/users\/2"}],"replies":[{"embeddable":true,"href":"https:\/\/tifloteca.utn.edu.ec\/index.php\/wp-json\/wp\/v2\/comments?post=9"}],"version-history":[{"count":9,"href":"https:\/\/tifloteca.utn.edu.ec\/index.php\/wp-json\/wp\/v2\/pages\/9\/revisions"}],"predecessor-version":[{"id":427,"href":"https:\/\/tifloteca.utn.edu.ec\/index.php\/wp-json\/wp\/v2\/pages\/9\/revisions\/427"}],"wp:attachment":[{"href":"https:\/\/tifloteca.utn.edu.ec\/index.php\/wp-json\/wp\/v2\/media?parent=9"}],"curies":[{"name":"wp","href":"https:\/\/api.w.org\/{rel}","templated":true}]}}