{"id":842,"date":"2024-04-08T20:43:50","date_gmt":"2024-04-08T20:43:50","guid":{"rendered":"https:\/\/tifloteca.utn.edu.ec\/?page_id=842"},"modified":"2024-04-08T20:43:50","modified_gmt":"2024-04-08T20:43:50","slug":"capacitacion-a-docentes-externos","status":"publish","type":"page","link":"https:\/\/tifloteca.utn.edu.ec\/index.php\/capacitacion-a-docentes-externos\/","title":{"rendered":"Capacitaci\u00f3n a docentes externos"},"content":{"rendered":"\n<div class=\"wp-block-image\"><figure class=\"aligncenter size-large\"><img loading=\"lazy\" width=\"582\" height=\"223\" src=\"https:\/\/tifloteca.utn.edu.ec\/wp-content\/uploads\/2024\/04\/6_capacitacion_docentes.png\" alt=\"\" class=\"wp-image-843\" srcset=\"https:\/\/tifloteca.utn.edu.ec\/wp-content\/uploads\/2024\/04\/6_capacitacion_docentes.png 582w, https:\/\/tifloteca.utn.edu.ec\/wp-content\/uploads\/2024\/04\/6_capacitacion_docentes-300x115.png 300w, https:\/\/tifloteca.utn.edu.ec\/wp-content\/uploads\/2024\/04\/6_capacitacion_docentes-400x153.png 400w\" sizes=\"(max-width: 582px) 100vw, 582px\" \/><\/figure><\/div>\n\n\n\n<p>Tambi\u00e9n se ofrece capacitaciones a docentes de instituciones educativas que as\u00ed lo requieran, para lo cual se debe enviar la solicitud dirigida a la m\u00e1xima autoridad y con la aprobaci\u00f3n se coordina fechas y horarios.<\/p>\n","protected":false},"excerpt":{"rendered":"<p>Tambi\u00e9n se ofrece capacitaciones a docentes de instituciones educativas que as\u00ed lo requieran, para lo cual se debe enviar la solicitud dirigida a la m\u00e1xima autoridad y con la aprobaci\u00f3n&hellip;<a href=\"https:\/\/tifloteca.utn.edu.ec\/index.php\/capacitacion-a-docentes-externos\/\" class=\"more-link\"><span class=\"more-button\">Leer m\u00e1s<span class=\"screen-reader-text\">Capacitaci\u00f3n a docentes externos<\/span><\/span><\/a><\/p>\n","protected":false},"author":2,"featured_media":0,"parent":0,"menu_order":0,"comment_status":"closed","ping_status":"closed","template":"","meta":[],"_links":{"self":[{"href":"https:\/\/tifloteca.utn.edu.ec\/index.php\/wp-json\/wp\/v2\/pages\/842"}],"collection":[{"href":"https:\/\/tifloteca.utn.edu.ec\/index.php\/wp-json\/wp\/v2\/pages"}],"about":[{"href":"https:\/\/tifloteca.utn.edu.ec\/index.php\/wp-json\/wp\/v2\/types\/page"}],"author":[{"embeddable":true,"href":"https:\/\/tifloteca.utn.edu.ec\/index.php\/wp-json\/wp\/v2\/users\/2"}],"replies":[{"embeddable":true,"href":"https:\/\/tifloteca.utn.edu.ec\/index.php\/wp-json\/wp\/v2\/comments?post=842"}],"version-history":[{"count":1,"href":"https:\/\/tifloteca.utn.edu.ec\/index.php\/wp-json\/wp\/v2\/pages\/842\/revisions"}],"predecessor-version":[{"id":844,"href":"https:\/\/tifloteca.utn.edu.ec\/index.php\/wp-json\/wp\/v2\/pages\/842\/revisions\/844"}],"wp:attachment":[{"href":"https:\/\/tifloteca.utn.edu.ec\/index.php\/wp-json\/wp\/v2\/media?parent=842"}],"curies":[{"name":"wp","href":"https:\/\/api.w.org\/{rel}","templated":true}]}}