{"id":806,"date":"2024-04-05T16:51:45","date_gmt":"2024-04-05T16:51:45","guid":{"rendered":"https:\/\/tifloteca.utn.edu.ec\/?page_id=806"},"modified":"2024-04-05T17:21:16","modified_gmt":"2024-04-05T17:21:16","slug":"capacitaciones-en-braille-y-lectores-de-pantalla","status":"publish","type":"page","link":"https:\/\/tifloteca.utn.edu.ec\/index.php\/capacitaciones-en-braille-y-lectores-de-pantalla\/","title":{"rendered":"Capacitaci\u00f3n presencial en Braille y Lectores de Pantalla."},"content":{"rendered":"\n<div class=\"wp-block-image\"><figure class=\"aligncenter size-large\"><img loading=\"lazy\" width=\"333\" height=\"249\" src=\"https:\/\/tifloteca.utn.edu.ec\/wp-content\/uploads\/2024\/04\/2_Biblioteca_Infantil-1.png\" alt=\"\" class=\"wp-image-812\" srcset=\"https:\/\/tifloteca.utn.edu.ec\/wp-content\/uploads\/2024\/04\/2_Biblioteca_Infantil-1.png 333w, https:\/\/tifloteca.utn.edu.ec\/wp-content\/uploads\/2024\/04\/2_Biblioteca_Infantil-1-300x224.png 300w\" sizes=\"(max-width: 333px) 100vw, 333px\" \/><\/figure><\/div>\n\n\n\n<p><strong>Capacitaci\u00f3n presencial en Braille y Lectores de Pantalla<\/strong>: <\/p>\n\n\n\n<p>La Tifloteca es un espacio donde se brinda atenci\u00f3n a la comunidad en general, por lo que se reciben a ni\u00f1os, j\u00f3venes y adultos de diferentes instituciones educativas y sectores de la provincia y regi\u00f3n, a quienes se les capacita en Computaci\u00f3n con lectores de pantalla como NVDA y Jaws, as\u00ed como capacitaci\u00f3n en Sistema Braille.<\/p>\n\n\n\n<div class=\"wp-block-image\"><figure class=\"aligncenter size-large\"><img loading=\"lazy\" width=\"244\" height=\"283\" src=\"https:\/\/tifloteca.utn.edu.ec\/wp-content\/uploads\/2024\/04\/2_Biblioteca_Infantil_2-2.png\" alt=\"\" class=\"wp-image-817\"\/><\/figure><\/div>\n\n\n\n<p>El horario de las capacitaciones se debe coordinar directamente en el \u00e1rea y depende de la demanda de este servicio. La atenci\u00f3n en la Tifloteca es de lunes a viernes de 8:00 a 13:00 y 14:00 a 17:00.<\/p>\n\n\n\n<p><\/p>\n","protected":false},"excerpt":{"rendered":"<p>Capacitaci\u00f3n presencial en Braille y Lectores de Pantalla: La Tifloteca es un espacio donde se brinda atenci\u00f3n a la comunidad en general, por lo que se reciben a ni\u00f1os, j\u00f3venes&hellip;<a href=\"https:\/\/tifloteca.utn.edu.ec\/index.php\/capacitaciones-en-braille-y-lectores-de-pantalla\/\" class=\"more-link\"><span class=\"more-button\">Leer m\u00e1s<span class=\"screen-reader-text\">Capacitaci\u00f3n presencial en Braille y Lectores de Pantalla.<\/span><\/span><\/a><\/p>\n","protected":false},"author":2,"featured_media":0,"parent":0,"menu_order":0,"comment_status":"closed","ping_status":"closed","template":"","meta":[],"_links":{"self":[{"href":"https:\/\/tifloteca.utn.edu.ec\/index.php\/wp-json\/wp\/v2\/pages\/806"}],"collection":[{"href":"https:\/\/tifloteca.utn.edu.ec\/index.php\/wp-json\/wp\/v2\/pages"}],"about":[{"href":"https:\/\/tifloteca.utn.edu.ec\/index.php\/wp-json\/wp\/v2\/types\/page"}],"author":[{"embeddable":true,"href":"https:\/\/tifloteca.utn.edu.ec\/index.php\/wp-json\/wp\/v2\/users\/2"}],"replies":[{"embeddable":true,"href":"https:\/\/tifloteca.utn.edu.ec\/index.php\/wp-json\/wp\/v2\/comments?post=806"}],"version-history":[{"count":8,"href":"https:\/\/tifloteca.utn.edu.ec\/index.php\/wp-json\/wp\/v2\/pages\/806\/revisions"}],"predecessor-version":[{"id":820,"href":"https:\/\/tifloteca.utn.edu.ec\/index.php\/wp-json\/wp\/v2\/pages\/806\/revisions\/820"}],"wp:attachment":[{"href":"https:\/\/tifloteca.utn.edu.ec\/index.php\/wp-json\/wp\/v2\/media?parent=806"}],"curies":[{"name":"wp","href":"https:\/\/api.w.org\/{rel}","templated":true}]}}