{"id":800,"date":"2024-04-05T15:33:37","date_gmt":"2024-04-05T15:33:37","guid":{"rendered":"https:\/\/tifloteca.utn.edu.ec\/?page_id=800"},"modified":"2024-04-05T16:34:01","modified_gmt":"2024-04-05T16:34:01","slug":"apoyo-a-estudiantes-utn","status":"publish","type":"page","link":"https:\/\/tifloteca.utn.edu.ec\/index.php\/apoyo-a-estudiantes-utn\/","title":{"rendered":"Apoyo a estudiantes UTN"},"content":{"rendered":"\n<div class=\"wp-block-image\"><figure class=\"aligncenter size-large\"><img loading=\"lazy\" width=\"357\" height=\"267\" src=\"https:\/\/tifloteca.utn.edu.ec\/wp-content\/uploads\/2024\/04\/1_Apoyo_estudiantes.jpg\" alt=\"En la imagen se visualiza a un estudiante haciendo uso de los servicios que se ofrecen en el \u00e1rea de No Videntes.\" class=\"wp-image-801\" srcset=\"https:\/\/tifloteca.utn.edu.ec\/wp-content\/uploads\/2024\/04\/1_Apoyo_estudiantes.jpg 357w, https:\/\/tifloteca.utn.edu.ec\/wp-content\/uploads\/2024\/04\/1_Apoyo_estudiantes-300x224.jpg 300w\" sizes=\"(max-width: 357px) 100vw, 357px\" \/><\/figure><\/div>\n\n\n\n<p>La Tifloteca de la Universidad T\u00e9cnica del Norte ofrece apoyo y soporte t\u00e9cnico a nuestros estudiantes con discapacidad visual, para lo cual se coordina con Bienestar Universitario para cada semestre disponer de la lista de estudiantes con discapacidad visual y poder ofrecer un apoyo personalizado.<\/p>\n\n\n\n<p>Los estudiantes tienen acceso a materiales y equipos de tiflotecnolog\u00eda disponibles en el \u00e1rea, como: Impresora Braille, L\u00ednea Braille, Esc\u00e1ner que transforma el texto en audio, regletas, punzones, material did\u00e1ctico en 3 D.<\/p>\n\n\n\n<p>Tambi\u00e9n se ofrece soporte y capacitaci\u00f3n mediante lectores de pantalla en el uso de los portafolios acad\u00e9micos y recursos bibliogr\u00e1ficos virtuales, as\u00ed como apoyo en sus tareas. Cualquier duda o inquietud, contactarse al correo tifloteca@utn.edu.ec<\/p>\n\n\n\n<p><\/p>\n","protected":false},"excerpt":{"rendered":"<p>La Tifloteca de la Universidad T\u00e9cnica del Norte ofrece apoyo y soporte t\u00e9cnico a nuestros estudiantes con discapacidad visual, para lo cual se coordina con Bienestar Universitario para cada semestre&hellip;<a href=\"https:\/\/tifloteca.utn.edu.ec\/index.php\/apoyo-a-estudiantes-utn\/\" class=\"more-link\"><span class=\"more-button\">Leer m\u00e1s<span class=\"screen-reader-text\">Apoyo a estudiantes UTN<\/span><\/span><\/a><\/p>\n","protected":false},"author":2,"featured_media":0,"parent":0,"menu_order":0,"comment_status":"closed","ping_status":"closed","template":"","meta":[],"_links":{"self":[{"href":"https:\/\/tifloteca.utn.edu.ec\/index.php\/wp-json\/wp\/v2\/pages\/800"}],"collection":[{"href":"https:\/\/tifloteca.utn.edu.ec\/index.php\/wp-json\/wp\/v2\/pages"}],"about":[{"href":"https:\/\/tifloteca.utn.edu.ec\/index.php\/wp-json\/wp\/v2\/types\/page"}],"author":[{"embeddable":true,"href":"https:\/\/tifloteca.utn.edu.ec\/index.php\/wp-json\/wp\/v2\/users\/2"}],"replies":[{"embeddable":true,"href":"https:\/\/tifloteca.utn.edu.ec\/index.php\/wp-json\/wp\/v2\/comments?post=800"}],"version-history":[{"count":2,"href":"https:\/\/tifloteca.utn.edu.ec\/index.php\/wp-json\/wp\/v2\/pages\/800\/revisions"}],"predecessor-version":[{"id":805,"href":"https:\/\/tifloteca.utn.edu.ec\/index.php\/wp-json\/wp\/v2\/pages\/800\/revisions\/805"}],"wp:attachment":[{"href":"https:\/\/tifloteca.utn.edu.ec\/index.php\/wp-json\/wp\/v2\/media?parent=800"}],"curies":[{"name":"wp","href":"https:\/\/api.w.org\/{rel}","templated":true}]}}