{"id":8,"date":"2020-12-02T01:34:07","date_gmt":"2020-12-02T01:34:07","guid":{"rendered":"https:\/\/www.utn.edu.ec\/tifloteca\/?page_id=8"},"modified":"2023-02-24T16:37:11","modified_gmt":"2023-02-24T16:37:11","slug":"cursos","status":"publish","type":"page","link":"https:\/\/tifloteca.utn.edu.ec\/index.php\/cursos\/","title":{"rendered":"Memorias de cursos"},"content":{"rendered":"\n<p>Aqu\u00ed encontrar\u00e1s videos y material de los cursos desarrollados por el \u00e1rea de No Videntes de manera Virtual.<\/p>\n\n\n\n<p>Enlaces:<\/p>\n\n\n\n<ul><li><a href=\"https:\/\/tifloteca.utn.edu.ec\/index.php\/cursos\/word-con-lectores-de-pantalla\/\">Word con letores de pantalla.<\/a><\/li><li><a href=\"https:\/\/tifloteca.utn.edu.ec\/index.php\/cursos\/sistema-braille\/\">Sistema Braille.<\/a><\/li><li><a href=\"https:\/\/tifloteca.utn.edu.ec\/index.php\/cursos\/album-fotografico\/\">\u00c1lbum fotogr\u00e1fico.<\/a><\/li><\/ul>\n","protected":false},"excerpt":{"rendered":"<p>Aqu\u00ed encontrar\u00e1s videos y material de los cursos desarrollados por el \u00e1rea de No Videntes de manera Virtual. Enlaces: Word con letores de pantalla. Sistema Braille. \u00c1lbum fotogr\u00e1fico.<\/p>\n","protected":false},"author":2,"featured_media":0,"parent":0,"menu_order":0,"comment_status":"closed","ping_status":"closed","template":"","meta":[],"_links":{"self":[{"href":"https:\/\/tifloteca.utn.edu.ec\/index.php\/wp-json\/wp\/v2\/pages\/8"}],"collection":[{"href":"https:\/\/tifloteca.utn.edu.ec\/index.php\/wp-json\/wp\/v2\/pages"}],"about":[{"href":"https:\/\/tifloteca.utn.edu.ec\/index.php\/wp-json\/wp\/v2\/types\/page"}],"author":[{"embeddable":true,"href":"https:\/\/tifloteca.utn.edu.ec\/index.php\/wp-json\/wp\/v2\/users\/2"}],"replies":[{"embeddable":true,"href":"https:\/\/tifloteca.utn.edu.ec\/index.php\/wp-json\/wp\/v2\/comments?post=8"}],"version-history":[{"count":7,"href":"https:\/\/tifloteca.utn.edu.ec\/index.php\/wp-json\/wp\/v2\/pages\/8\/revisions"}],"predecessor-version":[{"id":752,"href":"https:\/\/tifloteca.utn.edu.ec\/index.php\/wp-json\/wp\/v2\/pages\/8\/revisions\/752"}],"wp:attachment":[{"href":"https:\/\/tifloteca.utn.edu.ec\/index.php\/wp-json\/wp\/v2\/media?parent=8"}],"curies":[{"name":"wp","href":"https:\/\/api.w.org\/{rel}","templated":true}]}}