{"id":77,"date":"2020-12-03T21:18:55","date_gmt":"2020-12-03T21:18:55","guid":{"rendered":"https:\/\/www.utn.edu.ec\/tifloteca\/?page_id=77"},"modified":"2022-01-27T17:15:24","modified_gmt":"2022-01-27T17:15:24","slug":"navegadores","status":"publish","type":"page","link":"https:\/\/tifloteca.utn.edu.ec\/index.php\/instrucciones-de-uso\/navegadores\/","title":{"rendered":"Navegadores"},"content":{"rendered":"\n<h2><strong>Google Chrome<\/strong>.<\/h2>\n\n\n\n<p>Pulse tecla de Windows.<\/p>\n\n\n\n<p>Digite C H R O M E, Cuando escuche GOOGLE CHROME presione ENTER. Utilice el comando <strong>ALT + D<\/strong>, \u00f3 <strong>F6<\/strong> para ir al cuadro de direcciones y digitar <a href=\"http:\/\/tifloteca.utn.edu.ec\">https:\/\/tifloteca.utn.edu.ec\/<\/a> y presione ENTER.<\/p>\n\n\n\n<h4><strong>Comandos b\u00e1sicos en Chrome<\/strong>.<\/h4>\n\n\n\n<p><strong>Control + P<\/strong>, para imprimir.<\/p>\n\n\n\n<p><strong>Control + S<\/strong>, Guardar p\u00e1gina como.<\/p>\n\n\n\n<p><strong>Control + F<\/strong>, Buscar dentro de una pagina.<\/p>\n\n\n\n<p><\/p>\n\n\n\n<h2><strong>Internet Explorer<\/strong>.<\/h2>\n\n\n\n<p>Pulse tecla de Windows.<\/p>\n\n\n\n<p>Digite I; espacio E; x; p; Cuando escuche Internet Explorer presione ENTER.<\/p>\n\n\n\n<p>Utilice el comando\u00a0<strong>ALT + D<\/strong>,\u00a0para ir a cuadro de direcciones y digitar <a href=\"https:\/\/tifloteca.utn.edu.ec\/\">https:\/\/tifloteca.utn.edu.ec\/<\/a> y presione ENTER.<\/p>\n\n\n\n<p>Para navegar por la barra de men\u00fa de Internet Explorer pulse la tecla&nbsp;<strong>ALT y con las flechas<\/strong>&nbsp;se puede desplazar por las opciones. Acciones como imprimir, guardar la p\u00e1gina, buscar y las dem\u00e1s que se pueden realizar con el navegador Internet Explorer las puede ejecutar desde&nbsp; la barra de men\u00fa.<\/p>\n","protected":false},"excerpt":{"rendered":"<p>Google Chrome. Pulse tecla de Windows. Digite C H R O M E, Cuando escuche GOOGLE CHROME presione ENTER. Utilice el comando ALT + D, \u00f3 F6 para ir al&hellip;<a href=\"https:\/\/tifloteca.utn.edu.ec\/index.php\/instrucciones-de-uso\/navegadores\/\" class=\"more-link\"><span class=\"more-button\">Leer m\u00e1s<span class=\"screen-reader-text\">Navegadores<\/span><\/span><\/a><\/p>\n","protected":false},"author":2,"featured_media":0,"parent":17,"menu_order":1,"comment_status":"closed","ping_status":"closed","template":"","meta":[],"_links":{"self":[{"href":"https:\/\/tifloteca.utn.edu.ec\/index.php\/wp-json\/wp\/v2\/pages\/77"}],"collection":[{"href":"https:\/\/tifloteca.utn.edu.ec\/index.php\/wp-json\/wp\/v2\/pages"}],"about":[{"href":"https:\/\/tifloteca.utn.edu.ec\/index.php\/wp-json\/wp\/v2\/types\/page"}],"author":[{"embeddable":true,"href":"https:\/\/tifloteca.utn.edu.ec\/index.php\/wp-json\/wp\/v2\/users\/2"}],"replies":[{"embeddable":true,"href":"https:\/\/tifloteca.utn.edu.ec\/index.php\/wp-json\/wp\/v2\/comments?post=77"}],"version-history":[{"count":7,"href":"https:\/\/tifloteca.utn.edu.ec\/index.php\/wp-json\/wp\/v2\/pages\/77\/revisions"}],"predecessor-version":[{"id":598,"href":"https:\/\/tifloteca.utn.edu.ec\/index.php\/wp-json\/wp\/v2\/pages\/77\/revisions\/598"}],"up":[{"embeddable":true,"href":"https:\/\/tifloteca.utn.edu.ec\/index.php\/wp-json\/wp\/v2\/pages\/17"}],"wp:attachment":[{"href":"https:\/\/tifloteca.utn.edu.ec\/index.php\/wp-json\/wp\/v2\/media?parent=77"}],"curies":[{"name":"wp","href":"https:\/\/api.w.org\/{rel}","templated":true}]}}