{"id":7,"date":"2020-12-02T01:34:07","date_gmt":"2020-12-02T01:34:07","guid":{"rendered":"https:\/\/www.utn.edu.ec\/tifloteca\/?page_id=7"},"modified":"2021-04-14T23:47:53","modified_gmt":"2021-04-14T23:47:53","slug":"quienes-somos","status":"publish","type":"page","link":"https:\/\/tifloteca.utn.edu.ec\/index.php\/quienes-somos\/","title":{"rendered":"Qui\u00e9nes somos"},"content":{"rendered":"\n<p>La Universidad T\u00e9cnica del Norte acorde a los principios establecidos en la Constituci\u00f3n Pol\u00edtica del Ecuador, El Plan Nacional de Desarrollo y la Ley Org\u00e1nica de Discapacidades donde se promueve la igualdad de condiciones mediante pol\u00edticas de acci\u00f3n afirmativa para los sectores y \u00e1reas vulnerables, en el a\u00f1o 2006 mediante convenio con la ESPE crea el \u00c1rea de No Videntes, con el objetivo de apoyar a las personas con discapacidad visual en el uso de herramientas inform\u00e1ticas con lectores de pantalla como Jaws y NVDA, as\u00ed como la atenci\u00f3n en Biblioteca con libros en formato audio, beneficiando a ni\u00f1os, j\u00f3venes y adultos tanto internos como externos a la Universidad.<\/p>\n\n\n\n<p>El 26 de octubre del 2010 se inicia programas de capacitaci\u00f3n en Sistema Braille, primero a docentes de varias instituciones educativas de primaria y secundaria de la provincia, a partir del a\u00f1o 2013 participan estudiantes de las diferentes facultades de la Universidad, quienes, a m\u00e1s de la capacitaci\u00f3n recibida, elaboran material did\u00e1ctico en Braille; actualmente se dictan dos cursos al a\u00f1o y son abiertos a todas las personas interesadas en la inclusi\u00f3n educativa.<\/p>\n\n\n\n<p>En febrero del 2014 se inicia con el proyecto de atenci\u00f3n IN SITU a ni\u00f1os y j\u00f3venes con discapacidad visual de algunos sectores de la provincia, que por diferentes circunstancias no pueden movilizarse hasta la Universidad, a quienes se les capacita de manera permanente en computaci\u00f3n con los lectores de pantalla y Braille.<\/p>\n\n\n\n<p>En el a\u00f1o 2015 se adquiere una impresora Braille con la finalidad de ampliar los servicios para elaboraci\u00f3n y asistencia en transcripci\u00f3n de documentos a este sistema, se ofrece el servicio de escaneo de documentos a pedido de las personas con discapacidad visual para que puedan ser le\u00eddos en audio.<\/p>\n\n\n\n<p>Actualmente, el \u00e1rea de No Videntes ofrece servicios de capacitaci\u00f3n y apoyo tanto a los estudiantes de la Universidad, como a personas externas con discapacidad visual o interesados en la inclusi\u00f3n educativa.<\/p>\n\n\n\n<p><\/p>\n","protected":false},"excerpt":{"rendered":"<p>La Universidad T\u00e9cnica del Norte acorde a los principios establecidos en la Constituci\u00f3n Pol\u00edtica del Ecuador, El Plan Nacional de Desarrollo y la Ley Org\u00e1nica de Discapacidades donde se promueve&hellip;<a href=\"https:\/\/tifloteca.utn.edu.ec\/index.php\/quienes-somos\/\" class=\"more-link\"><span class=\"more-button\">Leer m\u00e1s<span class=\"screen-reader-text\">Qui\u00e9nes somos<\/span><\/span><\/a><\/p>\n","protected":false},"author":2,"featured_media":0,"parent":0,"menu_order":0,"comment_status":"closed","ping_status":"closed","template":"","meta":[],"_links":{"self":[{"href":"https:\/\/tifloteca.utn.edu.ec\/index.php\/wp-json\/wp\/v2\/pages\/7"}],"collection":[{"href":"https:\/\/tifloteca.utn.edu.ec\/index.php\/wp-json\/wp\/v2\/pages"}],"about":[{"href":"https:\/\/tifloteca.utn.edu.ec\/index.php\/wp-json\/wp\/v2\/types\/page"}],"author":[{"embeddable":true,"href":"https:\/\/tifloteca.utn.edu.ec\/index.php\/wp-json\/wp\/v2\/users\/2"}],"replies":[{"embeddable":true,"href":"https:\/\/tifloteca.utn.edu.ec\/index.php\/wp-json\/wp\/v2\/comments?post=7"}],"version-history":[{"count":5,"href":"https:\/\/tifloteca.utn.edu.ec\/index.php\/wp-json\/wp\/v2\/pages\/7\/revisions"}],"predecessor-version":[{"id":479,"href":"https:\/\/tifloteca.utn.edu.ec\/index.php\/wp-json\/wp\/v2\/pages\/7\/revisions\/479"}],"wp:attachment":[{"href":"https:\/\/tifloteca.utn.edu.ec\/index.php\/wp-json\/wp\/v2\/media?parent=7"}],"curies":[{"name":"wp","href":"https:\/\/api.w.org\/{rel}","templated":true}]}}