{"id":67,"date":"2020-12-03T18:16:55","date_gmt":"2020-12-03T18:16:55","guid":{"rendered":"https:\/\/www.utn.edu.ec\/tifloteca\/?page_id=67"},"modified":"2022-01-27T17:06:30","modified_gmt":"2022-01-27T17:06:30","slug":"catalogo-bibliografico","status":"publish","type":"page","link":"https:\/\/tifloteca.utn.edu.ec\/index.php\/catalogo-bibliografico\/","title":{"rendered":"Cat\u00e1logo Bibliogr\u00e1fico"},"content":{"rendered":"\n<p>En este espacio encontrar\u00e1s un cat\u00e1logo de libros en texto completo en audio, as\u00ed como en formato PDF y EPUB.<\/p>\n\n\n\n<p>Tambi\u00e9n est\u00e1 disponible el cat\u00e1logo de libros que f\u00edsicamente se encuentran en el \u00c1rea de No Videntes de la Biblioteca Universitaria.<\/p>\n\n\n\n<p>Enlaces:<\/p>\n\n\n\n<ul><li><a href=\"https:\/\/tifloteca.utn.edu.ec\/index.php\/catalogo-bibliografico\/instrucciones-del-catalogo\/\">Instrucciones uso del Cat\u00e1logo.<\/a><\/li><li><a rel=\"noreferrer noopener\" href=\"http:\/\/cloud2.utn.edu.ec\/ords\/f?p=174:5:::NO:::\" target=\"_blank\">Cat\u00e1logo de libros.<\/a><\/li><li><a href=\"https:\/\/tifloteca.utn.edu.ec\/index.php\/catalogo-bibliografico\/libros-fisicos\/\">Libros f\u00edsicos.<\/a><\/li><\/ul>\n","protected":false},"excerpt":{"rendered":"<p>En este espacio encontrar\u00e1s un cat\u00e1logo de libros en texto completo en audio, as\u00ed como en formato PDF y EPUB. Tambi\u00e9n est\u00e1 disponible el cat\u00e1logo de libros que f\u00edsicamente se&hellip;<a href=\"https:\/\/tifloteca.utn.edu.ec\/index.php\/catalogo-bibliografico\/\" class=\"more-link\"><span class=\"more-button\">Leer m\u00e1s<span class=\"screen-reader-text\">Cat\u00e1logo Bibliogr\u00e1fico<\/span><\/span><\/a><\/p>\n","protected":false},"author":2,"featured_media":0,"parent":0,"menu_order":0,"comment_status":"closed","ping_status":"closed","template":"","meta":[],"_links":{"self":[{"href":"https:\/\/tifloteca.utn.edu.ec\/index.php\/wp-json\/wp\/v2\/pages\/67"}],"collection":[{"href":"https:\/\/tifloteca.utn.edu.ec\/index.php\/wp-json\/wp\/v2\/pages"}],"about":[{"href":"https:\/\/tifloteca.utn.edu.ec\/index.php\/wp-json\/wp\/v2\/types\/page"}],"author":[{"embeddable":true,"href":"https:\/\/tifloteca.utn.edu.ec\/index.php\/wp-json\/wp\/v2\/users\/2"}],"replies":[{"embeddable":true,"href":"https:\/\/tifloteca.utn.edu.ec\/index.php\/wp-json\/wp\/v2\/comments?post=67"}],"version-history":[{"count":13,"href":"https:\/\/tifloteca.utn.edu.ec\/index.php\/wp-json\/wp\/v2\/pages\/67\/revisions"}],"predecessor-version":[{"id":926,"href":"https:\/\/tifloteca.utn.edu.ec\/index.php\/wp-json\/wp\/v2\/pages\/67\/revisions\/926"}],"wp:attachment":[{"href":"https:\/\/tifloteca.utn.edu.ec\/index.php\/wp-json\/wp\/v2\/media?parent=67"}],"curies":[{"name":"wp","href":"https:\/\/api.w.org\/{rel}","templated":true}]}}