{"id":200,"date":"2020-12-10T14:55:46","date_gmt":"2020-12-10T14:55:46","guid":{"rendered":"https:\/\/www.utn.edu.ec\/tifloteca\/?page_id=200"},"modified":"2023-10-24T21:13:05","modified_gmt":"2023-10-24T21:13:05","slug":"sistema-braille","status":"publish","type":"page","link":"https:\/\/tifloteca.utn.edu.ec\/index.php\/cursos\/sistema-braille\/","title":{"rendered":"Sistema Braille"},"content":{"rendered":"\n<p><strong>Curso Braille Noviembre 2020 \u2013 Enero 2021<\/strong>.<\/p>\n\n\n\n<div class=\"wp-block-buttons\">\n<div id=\"100\" class=\"wp-block-button\"><a class=\"wp-block-button__link has-white-color has-vivid-red-background-color has-text-color has-background\" href=\"https:\/\/tifloteca.utn.edu.ec\/wp-content\/uploads\/2021\/02\/Planificacion-curso-Sistema-Braille-Final.pdf\" style=\"border-radius:10px\" target=\"_blank\" rel=\"noreferrer noopener\"><code>VER PLANIFICACI\u00d3N<\/code><\/a><\/div>\n<\/div>\n\n\n\n<p>VIDEOS DEL CURSO DE BRAILLE EN MODALIDAD ONLINE<\/p>\n\n\n\n<figure class=\"wp-block-table\"><table><tbody><tr><td><span class=\"has-inline-color has-vivid-red-color\"><strong>ENLACE AL VIDEO<\/strong><\/span><\/td><td><span class=\"has-inline-color has-vivid-red-color\"><strong>FECHA<\/strong><\/span><\/td><td><span class=\"has-inline-color has-vivid-red-color\"><strong>TEMAS<\/strong><\/span><\/td><\/tr><tr><td><a rel=\"noreferrer noopener\" href=\"https:\/\/cutt.ly\/nvZIQ7I\" target=\"_blank\"><span class=\"has-inline-color has-pale-cyan-blue-color\">Clase 1<\/span><\/a><\/td><td>25\/11\/2020<\/td><td>\u2022 Qu\u00e9 es discapacidad visual, su clasificaci\u00f3n y causas.<br>\u2022 Porcentajes de discapacidad visual.<br>\u2022 Revisi\u00f3n de estad\u00edsticas de cuantas personas con discapacidad hay en el Ecuador.<\/td><\/tr><tr><td><a href=\"https:\/\/cutt.ly\/bb3MQzl\" target=\"_blank\" rel=\"noreferrer noopener\"><span class=\"has-inline-color has-pale-cyan-blue-color\">Clase 2<\/span><\/a><\/td><td>27\/11\/2020<\/td><td>\u2022 Historia de la Educaci\u00f3n de las personas con discapacidad visual.<br>\u2022 Destrezas para desarrollar la competencia lectoescritora.<br>\u2022 Signo generador en macrotipo.<\/td><\/tr><tr><td><br><a href=\"https:\/\/cutt.ly\/bb39lHf\" target=\"_blank\" rel=\"noreferrer noopener\"><span class=\"has-inline-color has-pale-cyan-blue-color\">Clase 3<\/span><\/a><br><\/td><td>30\/11\/2020<\/td><td>\u2022 Motricidad y tacto activo.<br>\u2022 Elaboraci\u00f3n de diferentes materiales did\u00e1cticos como signo generador en macrotipo para ni\u00f1os.<br>\u2022 Primera serie del Sistema Braille. (letras: a . b . c . d . e . f . g . h . i . j)<\/td><\/tr><tr><td><a href=\"https:\/\/cutt.ly\/pkkQFl4\" target=\"_blank\" rel=\"noreferrer noopener\"><span class=\"has-inline-color has-pale-cyan-blue-color\">Clase 4<\/span><\/a><\/td><td>2\/12\/2020<\/td><td>\u2022 Creaci\u00f3n de material didactico en alto relieve, y las caracter\u00edsticas que debe presentar para ni\u00f1os y personas adultas.<br>\u2022 Pre Braille en macro con el uso de la regleta.<\/td><\/tr><tr><td><a rel=\"noreferrer noopener\" href=\"https:\/\/cutt.ly\/0kkQ9Uo\" target=\"_blank\"><span class=\"has-inline-color has-pale-cyan-blue-color\">Clase 5<\/span><\/a><\/td><td>4\/12\/2020<\/td><td>\u2022 Ejercicios de pre lectura Braille.<br>\u2022 Segunda serie del Sistema Braille. (letras: k . l . m . n . o . p . q . r . s . t)<\/td><\/tr><tr><td><a href=\"https:\/\/cutt.ly\/6kkWyNi\" target=\"_blank\" rel=\"noreferrer noopener\"><span class=\"has-inline-color has-pale-cyan-blue-color\">Clase 6<\/span><\/a><\/td><td>7\/12\/2020<\/td><td>\u2022 Ejercicios de Lectura Braille.<br>\u2022 Tercera serie del Sistema Braille. (letras: u . v . x . y . z . \u00e1 . \u00e9 con tilde . \u00fa )<br>\u2022 Manejo de la aplicaci\u00f3n para ni\u00f1os Cantaletras.<\/td><\/tr><tr><td><a href=\"https:\/\/cutt.ly\/fkkWjjJ\" target=\"_blank\" rel=\"noreferrer noopener\"><span class=\"has-inline-color has-pale-cyan-blue-color\">Clase 7<\/span><\/a><\/td><td>9\/12\/2020<\/td><td>\u2022 M\u00e9todos de ense\u00f1anza en el Sistema Braille.<br>\u2022 Cuarta serie del Sistema Braille. (letras: \u00f1 . w . \u00ed . \u00f3 con tilde . \u00fc con di\u00e9resis)<br>\u2022 Ejercicios de Lectura Braille<\/td><\/tr><tr><td><a href=\"https:\/\/cutt.ly\/dkkWTWs\" target=\"_blank\" rel=\"noreferrer noopener\"><span class=\"has-inline-color has-pale-cyan-blue-color\">Clase 8<\/span><\/a><\/td><td>11\/12\/2020<\/td><td>\u2022 Signos de Puntuaci\u00f3n.<br>\u2022 Ejercicios de Lectura y Escritura Braille.<\/td><\/tr><tr><td><a href=\"https:\/\/cutt.ly\/okkWBdL\" target=\"_blank\" rel=\"noreferrer noopener\"><span class=\"has-inline-color has-pale-cyan-blue-color\">Clase 9<\/span><\/a><\/td><td>04\/01\/2021<\/td><td>\u2022 N\u00fameros cardinales.<br>\u2022 Ejercicios de Lectura y Escritura Braille.<\/td><\/tr><tr><td><a href=\"https:\/\/cutt.ly\/kkkEyYx\" target=\"_blank\" rel=\"noreferrer noopener\"><span class=\"has-inline-color has-pale-cyan-blue-color\">Clase 10<\/span><\/a><\/td><td>06\/01\/2021<\/td><td>\u2022 N\u00fameros ordinales.<br>\u2022 N\u00fameros romanos.<br>\u2022 Ejercicios de Lectura y Escritura Braille.<\/td><\/tr><tr><td><a href=\"https:\/\/cutt.ly\/dkkEv2I\" target=\"_blank\" rel=\"noreferrer noopener\"><span class=\"has-inline-color has-pale-cyan-blue-color\">Clase 11<\/span><\/a><\/td><td>08\/01\/2021<\/td><td>\u2022 Signos matem\u00e1ticos.<br>\u2022 Ejercicios de Lectura y Escritura Braille.<\/td><\/tr><tr><td><a rel=\"noreferrer noopener\" href=\"https:\/\/cutt.ly\/RkkEAZd\" target=\"_blank\"><span class=\"has-inline-color has-pale-cyan-blue-color\">Clase 12<\/span><\/a><\/td><td>11\/01\/2021<\/td><td>\u2022 Operaciones matem\u00e1ticas b\u00e1sicas. (suma, resta multiplicaci\u00f3n y divisi\u00f3n)<br>\u2022 Ejercicios de Lectura y Escritura Braille.<\/td><\/tr><tr><td><a href=\"https:\/\/cutt.ly\/okkE1pX\" target=\"_blank\" rel=\"noreferrer noopener\"><span class=\"has-inline-color has-pale-cyan-blue-color\">Clase 13<\/span><\/a><\/td><td>13\/01\/2021<\/td><td>\u2022 Operaciones matem\u00e1ticas, fracciones.<br>\u2022 Ejercicios de Lectura y Escritura Braille.<\/td><\/tr><tr><td><a href=\"https:\/\/cutt.ly\/kkkRwKs\" target=\"_blank\" rel=\"noreferrer noopener\"><span class=\"has-inline-color has-pale-cyan-blue-color\">Clase 14<\/span><\/a><\/td><td>15\/01\/2021<\/td><td>\u2022 Teor\u00eda de conjuntos y l\u00f3gica.<br>\u2022 Ejercicios de Lectura y Escritura Braille.<\/td><\/tr><tr><td><a href=\"https:\/\/cutt.ly\/mkkRbwl\" target=\"_blank\" rel=\"noreferrer noopener\"><span class=\"has-inline-color has-pale-cyan-blue-color\">Clase 15<\/span><\/a><\/td><td>18\/01\/2021<\/td><td>\u2022 Repaso general de todas las puntuaciones en el Sistema Braille.<\/td><\/tr><tr><td><a href=\"https:\/\/cutt.ly\/YkkRVaL\" target=\"_blank\" rel=\"noreferrer noopener\"><span class=\"has-inline-color has-pale-cyan-blue-color\">Clase 16<\/span><\/a><\/td><td>20\/01\/2021<\/td><td>\u2022 Evaluaci\u00f3n de escritura y lectura en el Sistema Braille.<\/td><\/tr><tr><td><a rel=\"noreferrer noopener\" href=\"https:\/\/cutt.ly\/3kkTtWr\" target=\"_blank\"><span class=\"has-inline-color has-pale-cyan-blue-color\">Clase 17 Evaluaci\u00f3n<\/span><\/a><br><a href=\"https:\/\/cutt.ly\/qkkTfn0\" target=\"_blank\" rel=\"noreferrer noopener\">Repaso de lectura<\/a><br><\/td><td>22\/01\/2021<\/td><td>\u2022 Evaluaci\u00f3n y repaso de lectura en el Sistema Braille.<\/td><\/tr><tr><td><a href=\"https:\/\/cutt.ly\/KkkTWPq\" target=\"_blank\" rel=\"noreferrer noopener\"><span class=\"has-inline-color has-pale-cyan-blue-color\">Clase 18<\/span><\/a><\/td><td>25\/01\/2021<\/td><td>\u2022 Evaluaci\u00f3n de lectura en el Sistema Braille.<\/td><\/tr><\/tbody><\/table><\/figure>\n","protected":false},"excerpt":{"rendered":"<p>Curso Braille Noviembre 2020 \u2013 Enero 2021. VIDEOS DEL CURSO DE BRAILLE EN MODALIDAD ONLINE ENLACE AL VIDEO FECHA TEMAS Clase 1 25\/11\/2020 \u2022 Qu\u00e9 es discapacidad visual, su clasificaci\u00f3n&hellip;<a href=\"https:\/\/tifloteca.utn.edu.ec\/index.php\/cursos\/sistema-braille\/\" class=\"more-link\"><span class=\"more-button\">Leer m\u00e1s<span class=\"screen-reader-text\">Sistema Braille<\/span><\/span><\/a><\/p>\n","protected":false},"author":2,"featured_media":0,"parent":8,"menu_order":2,"comment_status":"closed","ping_status":"closed","template":"","meta":[],"_links":{"self":[{"href":"https:\/\/tifloteca.utn.edu.ec\/index.php\/wp-json\/wp\/v2\/pages\/200"}],"collection":[{"href":"https:\/\/tifloteca.utn.edu.ec\/index.php\/wp-json\/wp\/v2\/pages"}],"about":[{"href":"https:\/\/tifloteca.utn.edu.ec\/index.php\/wp-json\/wp\/v2\/types\/page"}],"author":[{"embeddable":true,"href":"https:\/\/tifloteca.utn.edu.ec\/index.php\/wp-json\/wp\/v2\/users\/2"}],"replies":[{"embeddable":true,"href":"https:\/\/tifloteca.utn.edu.ec\/index.php\/wp-json\/wp\/v2\/comments?post=200"}],"version-history":[{"count":40,"href":"https:\/\/tifloteca.utn.edu.ec\/index.php\/wp-json\/wp\/v2\/pages\/200\/revisions"}],"predecessor-version":[{"id":779,"href":"https:\/\/tifloteca.utn.edu.ec\/index.php\/wp-json\/wp\/v2\/pages\/200\/revisions\/779"}],"up":[{"embeddable":true,"href":"https:\/\/tifloteca.utn.edu.ec\/index.php\/wp-json\/wp\/v2\/pages\/8"}],"wp:attachment":[{"href":"https:\/\/tifloteca.utn.edu.ec\/index.php\/wp-json\/wp\/v2\/media?parent=200"}],"curies":[{"name":"wp","href":"https:\/\/api.w.org\/{rel}","templated":true}]}}