{"id":131,"date":"2020-12-07T23:14:50","date_gmt":"2020-12-07T23:14:50","guid":{"rendered":"https:\/\/www.utn.edu.ec\/tifloteca\/?page_id=131"},"modified":"2021-04-08T18:09:05","modified_gmt":"2021-04-08T18:09:05","slug":"que-es-el-sistema-braille","status":"publish","type":"page","link":"https:\/\/tifloteca.utn.edu.ec\/index.php\/rincon-braille\/que-es-el-sistema-braille\/","title":{"rendered":"Qu\u00e9 es el sistema Braille?"},"content":{"rendered":"\n<p><strong>El Sistema Braille fue creado por Luis Braille<\/strong><\/p>\n\n\n\n<p>Historia Louis Braille. En el a\u00f1o 1812, en el pueblo franc\u00e9s de Coupvray, un ni\u00f1o jugaba en el taller de su padre. De repente cogi\u00f3 dos cu\u00f1as y sali\u00f3 corriendo con ellas, tropez\u00f3 y cay\u00f3. En este accidente el ni\u00f1o Louis Braille perdi\u00f3 un ojo y no tard\u00f3 en quedarse totalmente ciego. A los diez a\u00f1os fue admitido en la escuela para ciegos de Par\u00eds -la Instituci\u00f3n Nacional de J\u00f3venes Ciegos-, cuyo fundador fue Valent\u00edn Hauy, quien le ense\u00f1\u00f3 el alfabeto guiando sus dedos por las veintis\u00e9is letras que \u00e9l hab\u00eda fabricado con unas ramitas. Muy pronto Louis estuvo en condiciones de leer los libros que Valent\u00edn Hauy hab\u00eda compuesto con mucho trabajo (pues ten\u00eda que cortar los caracteres de las letras en tela y pegarlas sobre el papel): cada letra ten\u00eda unos siete cent\u00edmetros de largo por cinco de ancho. Braille hizo varios ensayos, combinando tri\u00e1ngulos cuadrados y c\u00edrculos para formar las distintas letras, pero se dio cuenta de que ninguno de sus sistemas era pr\u00e1ctico.<\/p>\n\n\n\n<p>Con el paso del tiempo, Louis fue nombrado profesor de la Instituci\u00f3n Nacional de J\u00f3venes Ciegos. Cierto d\u00eda escuch\u00f3 en la terraza de un caf\u00e9 parisiense una historia que le apasion\u00f3: un capit\u00e1n hab\u00eda ideado un sistema de puntos y trazos en relieve que permit\u00edan escribir en la oscuridad. As\u00ed fue como busc\u00f3 al capit\u00e1n Barbier, quien le revel\u00f3 a Braille c\u00f3mo -con la ayuda de un punz\u00f3n- ejerc\u00eda una cierta presi\u00f3n sobre un papel grueso, hasta que en el anverso del mismo se pudieran notar unas peque\u00f1as protuberancias.<\/p>\n\n\n\n<p>El sistema estaba basado en un sencillo c\u00f3digo utilizado por el ej\u00e9rcito. Braille trabaj\u00f3 sin descanso hasta que cinco a\u00f1os despu\u00e9s apareci\u00f3 el primer libro impreso con su m\u00e9todo y que llevaba su nombre.<\/p>\n\n\n\n<p>La realizaci\u00f3n de su libro le hab\u00eda costado cinco a\u00f1os de arduo trabajo por la terrible enfermedad que padec\u00eda, misma que lo llevar\u00eda a la tumba a los 43 a\u00f1os. Sirvi\u00e9ndose de un enrejado rectangular con seis agujeros, Louis Braille invent\u00f3 63 combinaciones diferentes: adem\u00e1s de las letras del alfabeto, representaban los signos de puntuaci\u00f3n y las abreviaturas de ciertas palabras muy cortas. En 1836, a la edad de veintisiete a\u00f1os, Braille hab\u00eda reunido unos textos escogidos de John Milton en ese m\u00e9todo. Poeta ciego, en el curso de la conferencia que dio en el Instituto, ante alumnos suyos y profesores delegados de otras escuelas, demostr\u00f3 que pod\u00eda escribir perforando a un ritmo casi tan r\u00e1pido como el de la palabra. Braille ense\u00f1\u00f3 el m\u00e9todo a sus alumnos, perfor\u00f3 tambi\u00e9n s\u00edmbolos matem\u00e1ticos y les ense\u00f1\u00f3 a resolver ecuaciones. Poco despu\u00e9s cre\u00f3 un c\u00f3digo de anotaciones musicales y se convirti\u00f3 en un h\u00e1bil organista.<\/p>\n\n\n\n<p>El llamado sistema Braille ha alcanzado tanta importancia en la educaci\u00f3n para los ciegos, que desde 1895 el apellido de su inventor figura en los diccionarios como una palabra m\u00e1s. Su sistema ha sido incluso adaptado al idioma chino y todos los meses en el mundo entero se publican gran n\u00famero de revistas con dicho sistema. El busto de Louis Braille, representa con claridad la visi\u00f3n de este franc\u00e9s, ya que cuando muchos bustos de piedra parecen privados de la vista, \u00e9ste -que perpetra el recuerdo del genial ciego- posee unos ojos plenos.<\/p>\n\n\n\n<p><\/p>\n\n\n\n<p><a href=\"https:\/\/files.sld.cu\/bajavision\/files\/2010\/05\/historia-louis-braille.pdf\" target=\"_blank\" rel=\"noreferrer noopener\">https:\/\/files.sld.cu\/bajavision\/files\/2010\/05\/historia-louis-braille.pdf<\/a><\/p>\n","protected":false},"excerpt":{"rendered":"<p>El Sistema Braille fue creado por Luis Braille Historia Louis Braille. En el a\u00f1o 1812, en el pueblo franc\u00e9s de Coupvray, un ni\u00f1o jugaba en el taller de su padre.&hellip;<a href=\"https:\/\/tifloteca.utn.edu.ec\/index.php\/rincon-braille\/que-es-el-sistema-braille\/\" class=\"more-link\"><span class=\"more-button\">Leer m\u00e1s<span class=\"screen-reader-text\">Qu\u00e9 es el sistema Braille?<\/span><\/span><\/a><\/p>\n","protected":false},"author":2,"featured_media":0,"parent":97,"menu_order":1,"comment_status":"closed","ping_status":"closed","template":"","meta":[],"_links":{"self":[{"href":"https:\/\/tifloteca.utn.edu.ec\/index.php\/wp-json\/wp\/v2\/pages\/131"}],"collection":[{"href":"https:\/\/tifloteca.utn.edu.ec\/index.php\/wp-json\/wp\/v2\/pages"}],"about":[{"href":"https:\/\/tifloteca.utn.edu.ec\/index.php\/wp-json\/wp\/v2\/types\/page"}],"author":[{"embeddable":true,"href":"https:\/\/tifloteca.utn.edu.ec\/index.php\/wp-json\/wp\/v2\/users\/2"}],"replies":[{"embeddable":true,"href":"https:\/\/tifloteca.utn.edu.ec\/index.php\/wp-json\/wp\/v2\/comments?post=131"}],"version-history":[{"count":6,"href":"https:\/\/tifloteca.utn.edu.ec\/index.php\/wp-json\/wp\/v2\/pages\/131\/revisions"}],"predecessor-version":[{"id":434,"href":"https:\/\/tifloteca.utn.edu.ec\/index.php\/wp-json\/wp\/v2\/pages\/131\/revisions\/434"}],"up":[{"embeddable":true,"href":"https:\/\/tifloteca.utn.edu.ec\/index.php\/wp-json\/wp\/v2\/pages\/97"}],"wp:attachment":[{"href":"https:\/\/tifloteca.utn.edu.ec\/index.php\/wp-json\/wp\/v2\/media?parent=131"}],"curies":[{"name":"wp","href":"https:\/\/api.w.org\/{rel}","templated":true}]}}