{"id":129,"date":"2020-12-07T23:12:49","date_gmt":"2020-12-07T23:12:49","guid":{"rendered":"https:\/\/www.utn.edu.ec\/tifloteca\/?page_id=129"},"modified":"2025-01-24T15:13:07","modified_gmt":"2025-01-24T15:13:07","slug":"alfabeto-braille","status":"publish","type":"page","link":"https:\/\/tifloteca.utn.edu.ec\/index.php\/rincon-braille\/alfabeto-braille\/","title":{"rendered":"Alfabeto Braille"},"content":{"rendered":"\n<p><strong>Conoce el alfabeto en sistema Braille<\/strong>.<\/p>\n\n\n\n<p>Es un c\u00f3digo de lectura escritura estructurado, sobre la base de seis puntos en alto relieve dispuesto en rect\u00e1ngulo vertical, tres puntos a la izquierda y tres a la derecha para desarrollar en las personas con discapacidad visual la funci\u00f3n de la lectura y escritura a trav\u00e9s del sentido del tacto.<\/p>\n\n\n\n<p>El Sistema Braille se escribe de derecha a izquierda y se lee de izquierda a derecha, estableciendo en el signo generador las puntuaciones 1, 2, 3, 4, 5, 6.<\/p>\n\n\n\n<p>Para lectura comenzamos a la izquierda, de arriba hacia abajo 1, 2 y 3; luego a la derecha de arriba hacia abajo 4, 5 y 6.<\/p>\n\n\n\n<p>Para escritura comenzamos a la derecha, de arriba hacia abajo 1, 2 y 3; luego a la izquierda de arriba hacia abajo 4, 5 y 6.<\/p>\n\n\n\n<div class=\"wp-block-group\"><div class=\"wp-block-group__inner-container\">\n<figure class=\"wp-block-image size-large\"><img loading=\"lazy\" width=\"1024\" height=\"579\" src=\"https:\/\/tifloteca.utn.edu.ec\/wp-content\/uploads\/2025\/01\/Signo-Generador--1024x579.png\" alt=\"Figura 1: Signo generador: puntos para lectura y puntos para escritura.\nEn el lado izquierdo la imagen para Lectura muestra, en la primera columna de arriba hacia abajo, las puntuaciones del 1 al 3 en color rojo, en la misma figura a la derecha en la siguiente columna de arriba hacia abajo, las puntuaciones del 4 al 6 en color azul.\nA la derecha la siguiente imagen para Escritura muestra, en la primera columna de arriba hacia abajo las puntuaciones del 4 al 6 de color azul y en la siguiente columna de arriba hacia abajo, en color rojo las puntuaciones del 1 al 3.\" class=\"wp-image-889\" srcset=\"https:\/\/tifloteca.utn.edu.ec\/wp-content\/uploads\/2025\/01\/Signo-Generador--1024x579.png 1024w, https:\/\/tifloteca.utn.edu.ec\/wp-content\/uploads\/2025\/01\/Signo-Generador--300x170.png 300w, https:\/\/tifloteca.utn.edu.ec\/wp-content\/uploads\/2025\/01\/Signo-Generador--768x434.png 768w, https:\/\/tifloteca.utn.edu.ec\/wp-content\/uploads\/2025\/01\/Signo-Generador--825x467.png 825w, https:\/\/tifloteca.utn.edu.ec\/wp-content\/uploads\/2025\/01\/Signo-Generador--600x339.png 600w, https:\/\/tifloteca.utn.edu.ec\/wp-content\/uploads\/2025\/01\/Signo-Generador--400x226.png 400w, https:\/\/tifloteca.utn.edu.ec\/wp-content\/uploads\/2025\/01\/Signo-Generador-.png 1326w\" sizes=\"(max-width: 1024px) 100vw, 1024px\" \/><\/figure>\n\n\n\n<p class=\"has-text-align-center\"><code>Figura 1: Signo generador: puntos para lectura y puntos para escritura.<\/code><\/p>\n\n\n\n<p><\/p>\n<\/div><\/div>\n\n\n\n<p>En la imagen se observa las puntuaciones:<\/p>\n\n\n\n<p>En el lado izquierdo la imagen para lectura muestra, en la primera columna de arriba hacia abajo, las puntuaciones del 1 al 3 en color rojo, en la misma figura &nbsp;a la derecha en la siguiente columna de arriba hacia abajo, las puntuaciones del 4 al 6 en color azul.<\/p>\n\n\n\n<p>A la derecha la siguiente imagen para Escritura muestra, en la primera columna de arriba hacia abajo las puntuaciones del 4 al 6 de color azul y en la siguiente columna de arriba hacia abajo, en color rojo las puntuaciones del 1 al 3.<\/p>\n\n\n\n<p><\/p>\n\n\n\n<p><strong>M\u00e9todo por series<\/strong>.<\/p>\n\n\n\n<p>La primera serie del Sistema Braille se realiza la combinaci\u00f3n de las puntuaciones superiores 1, 4 y medias 2, 5.<\/p>\n\n\n\n<figure class=\"wp-block-image size-large\"><img loading=\"lazy\" width=\"1024\" height=\"582\" src=\"https:\/\/tifloteca.utn.edu.ec\/wp-content\/uploads\/2025\/01\/Serie-1-1024x582.png\" alt=\"Figura 2: Primera serie. Las puntuaciones para cada letra son las siguientes: a.1; b.1 y 2; c.1 y 4; d.1, 4 y 5; e 1 y 5; f 1, 2 y 5; g 1, 2, 4 y 5; h 1, 2 y 4; i 2 y 4; j 2, 4 y 5.\" class=\"wp-image-895\" srcset=\"https:\/\/tifloteca.utn.edu.ec\/wp-content\/uploads\/2025\/01\/Serie-1-1024x582.png 1024w, https:\/\/tifloteca.utn.edu.ec\/wp-content\/uploads\/2025\/01\/Serie-1-300x170.png 300w, https:\/\/tifloteca.utn.edu.ec\/wp-content\/uploads\/2025\/01\/Serie-1-768x436.png 768w, https:\/\/tifloteca.utn.edu.ec\/wp-content\/uploads\/2025\/01\/Serie-1-825x469.png 825w, https:\/\/tifloteca.utn.edu.ec\/wp-content\/uploads\/2025\/01\/Serie-1-600x341.png 600w, https:\/\/tifloteca.utn.edu.ec\/wp-content\/uploads\/2025\/01\/Serie-1-400x227.png 400w, https:\/\/tifloteca.utn.edu.ec\/wp-content\/uploads\/2025\/01\/Serie-1.png 1331w\" sizes=\"(max-width: 1024px) 100vw, 1024px\" \/><\/figure>\n\n\n\n<p class=\"has-text-align-center\">Figura 2: Primera serie.<\/p>\n\n\n\n<p>En la parte superior de la imagen se observa puntuaciones en color rojo, las cuales son para escribir de la a a la j.<\/p>\n\n\n\n<p>En la parte inferior las mismas letras con las puntuaciones para lectura.<\/p>\n\n\n\n<p>Las puntuaciones para cada letra son las siguientes: a.1; b.1 y 2; c.1 y 4; d.1, 4 y 5; e 1 y 5; f 1, 2 y 5; g 1, 2, 4 y 5; h 1, 2 y 4; i 2 y 4; j 2, 4 y 5.<\/p>\n\n\n\n<p><\/p>\n\n\n\n<p><strong>Serie dos<\/strong>.<\/p>\n\n\n\n<p>De las puntuaciones de serie uno a la serie dos aumentamos la puntuaci\u00f3n 3.<\/p>\n\n\n\n<figure class=\"wp-block-image size-large\"><img loading=\"lazy\" width=\"1024\" height=\"572\" src=\"https:\/\/tifloteca.utn.edu.ec\/wp-content\/uploads\/2025\/01\/Serie-2-1024x572.png\" alt=\"Figura 3: Segunda serie. La puntuaci\u00f3n para cada letra son las siguientes: k 1, 3; l 1, 2, 3; m 1, 3, 4; n 1, 3, 4, 5; o 1, 3, 5; p 1, 2, 3, 4; q 1, 2, 3, 4, 5; r 1, 2, 3, 5; s 2, 3, 4; t 2, 3, 4, 5.\" class=\"wp-image-899\" srcset=\"https:\/\/tifloteca.utn.edu.ec\/wp-content\/uploads\/2025\/01\/Serie-2-1024x572.png 1024w, https:\/\/tifloteca.utn.edu.ec\/wp-content\/uploads\/2025\/01\/Serie-2-300x167.png 300w, https:\/\/tifloteca.utn.edu.ec\/wp-content\/uploads\/2025\/01\/Serie-2-768x429.png 768w, https:\/\/tifloteca.utn.edu.ec\/wp-content\/uploads\/2025\/01\/Serie-2-825x461.png 825w, https:\/\/tifloteca.utn.edu.ec\/wp-content\/uploads\/2025\/01\/Serie-2-600x335.png 600w, https:\/\/tifloteca.utn.edu.ec\/wp-content\/uploads\/2025\/01\/Serie-2-400x223.png 400w, https:\/\/tifloteca.utn.edu.ec\/wp-content\/uploads\/2025\/01\/Serie-2.png 1338w\" sizes=\"(max-width: 1024px) 100vw, 1024px\" \/><\/figure>\n\n\n\n<p class=\"has-text-align-center\">Figura 3: Segunda serie.<\/p>\n\n\n\n<p><\/p>\n\n\n\n<p>En la parte superior de la imagen se observa puntuaciones de color rojo las cuales est\u00e1n para escribir de la k a t.<\/p>\n\n\n\n<p>En la parte inferior las mismas letras con la ubicaci\u00f3n de los puntos para lectura.<\/p>\n\n\n\n<p>La puntuaci\u00f3n para cada letra son las siguientes:<\/p>\n\n\n\n<p>k. 1, 3; l. 1, 2, 3; m. 1, 3, 4; n. 1, 3, 4, 5; o. 1, 3, 5; p. 1, 2, 3, 4; q. 1, 2, 3, 4, 5; r. 1, 2, 3, 5; s. 2, 3, 4; t. 2, 3, 4, 5.<\/p>\n\n\n\n<p><strong>Serie tres<\/strong>.<\/p>\n\n\n\n<p>En esta serie se aumenta la puntuaci\u00f3n 6.<\/p>\n\n\n\n<figure class=\"wp-block-image size-large\"><img loading=\"lazy\" width=\"1024\" height=\"575\" src=\"https:\/\/tifloteca.utn.edu.ec\/wp-content\/uploads\/2025\/01\/Serie-3-1024x575.png\" alt=\"Figura 4: Tercera serie. Las puntuaciones para cada letra son las siguientes: U 1, 3, 6; v 1, 2, 3, 6; x 1, 3, 4, 6; y 1, 3, 4, 5, 6; z 1, 3, 5, 6; \u00e1 1, 2, 3, 5, 6; \u00e9 2, 3, 4, 6; \u00fa 2, 3, 4, 5, 6.\" class=\"wp-image-903\" srcset=\"https:\/\/tifloteca.utn.edu.ec\/wp-content\/uploads\/2025\/01\/Serie-3-1024x575.png 1024w, https:\/\/tifloteca.utn.edu.ec\/wp-content\/uploads\/2025\/01\/Serie-3-300x168.png 300w, https:\/\/tifloteca.utn.edu.ec\/wp-content\/uploads\/2025\/01\/Serie-3-768x431.png 768w, https:\/\/tifloteca.utn.edu.ec\/wp-content\/uploads\/2025\/01\/Serie-3-825x463.png 825w, https:\/\/tifloteca.utn.edu.ec\/wp-content\/uploads\/2025\/01\/Serie-3-600x337.png 600w, https:\/\/tifloteca.utn.edu.ec\/wp-content\/uploads\/2025\/01\/Serie-3-400x225.png 400w, https:\/\/tifloteca.utn.edu.ec\/wp-content\/uploads\/2025\/01\/Serie-3.png 1336w\" sizes=\"(max-width: 1024px) 100vw, 1024px\" \/><\/figure>\n\n\n\n<p class=\"has-text-align-center\">Figura 4: Tercera serie.<\/p>\n\n\n\n<p>En la parte superior de la imagen se observa puntuaciones de color rojo las cuales est\u00e1n para escribir de la u hasta la z, como tambi\u00e9n en esta serie tenemos tres vocales tildadas \u00e1, \u00e9 y \u00fa.<\/p>\n\n\n\n<p>En la parte inferior las mismas letras con la ubicaci\u00f3n de los puntos para lectura.<\/p>\n\n\n\n<p>Las puntuaciones para cada letra son las siguientes:<\/p>\n\n\n\n<p>U 1, 3, 6; v 1, 2, 3, 6; x 1, 3, 4, 6; y 1, 3, 4, 5, 6; z 1, 3, 5, 6; \u00e1 1, 2, 3, 5, 6; \u00e9 2, 3, 4, 6; \u00fa 2, 3, 4, 5, 6.<\/p>\n\n\n\n<figure class=\"wp-block-image size-large\"><img loading=\"lazy\" width=\"1024\" height=\"580\" src=\"https:\/\/tifloteca.utn.edu.ec\/wp-content\/uploads\/2025\/01\/Serie-4-1-1024x580.png\" alt=\"Las puntuaciones para cada letra son las siguientes:\n\u00f1 1,2,4,5,6; w 2,4,5,6; \u00ed 3,4; \u00f3 3,4,6.\" class=\"wp-image-906\" srcset=\"https:\/\/tifloteca.utn.edu.ec\/wp-content\/uploads\/2025\/01\/Serie-4-1-1024x580.png 1024w, https:\/\/tifloteca.utn.edu.ec\/wp-content\/uploads\/2025\/01\/Serie-4-1-300x170.png 300w, https:\/\/tifloteca.utn.edu.ec\/wp-content\/uploads\/2025\/01\/Serie-4-1-768x435.png 768w, https:\/\/tifloteca.utn.edu.ec\/wp-content\/uploads\/2025\/01\/Serie-4-1-825x467.png 825w, https:\/\/tifloteca.utn.edu.ec\/wp-content\/uploads\/2025\/01\/Serie-4-1-600x340.png 600w, https:\/\/tifloteca.utn.edu.ec\/wp-content\/uploads\/2025\/01\/Serie-4-1-400x226.png 400w, https:\/\/tifloteca.utn.edu.ec\/wp-content\/uploads\/2025\/01\/Serie-4-1.png 1330w\" sizes=\"(max-width: 1024px) 100vw, 1024px\" \/><\/figure>\n\n\n\n<p class=\"has-text-align-center\">Figura 4: Cuarta serie.<\/p>\n\n\n\n<p>En la parte superior de la imagen se observa puntuaciones de color negro y rojo las cuales son dos consonantes \u00f1, w y dos vocales tildadas \u00ed, \u00f3<br>En la parte inferior las mismas letras con la ubicaci\u00f3n de los puntos para lectura.<br>Las puntuaciones para cada letra son las siguientes:<br>\u00f1 1,2,4,5,6; w 2,4,5,6; \u00ed 3,4; \u00f3 3,4,6.<\/p>\n\n\n\n<p>Fin de p\u00e1gina.<\/p>\n","protected":false},"excerpt":{"rendered":"<p>Conoce el alfabeto en sistema Braille. Es un c\u00f3digo de lectura escritura estructurado, sobre la base de seis puntos en alto relieve dispuesto en rect\u00e1ngulo vertical, tres puntos a la&hellip;<a href=\"https:\/\/tifloteca.utn.edu.ec\/index.php\/rincon-braille\/alfabeto-braille\/\" class=\"more-link\"><span class=\"more-button\">Leer m\u00e1s<span class=\"screen-reader-text\">Alfabeto Braille<\/span><\/span><\/a><\/p>\n","protected":false},"author":2,"featured_media":0,"parent":97,"menu_order":2,"comment_status":"closed","ping_status":"closed","template":"","meta":[],"_links":{"self":[{"href":"https:\/\/tifloteca.utn.edu.ec\/index.php\/wp-json\/wp\/v2\/pages\/129"}],"collection":[{"href":"https:\/\/tifloteca.utn.edu.ec\/index.php\/wp-json\/wp\/v2\/pages"}],"about":[{"href":"https:\/\/tifloteca.utn.edu.ec\/index.php\/wp-json\/wp\/v2\/types\/page"}],"author":[{"embeddable":true,"href":"https:\/\/tifloteca.utn.edu.ec\/index.php\/wp-json\/wp\/v2\/users\/2"}],"replies":[{"embeddable":true,"href":"https:\/\/tifloteca.utn.edu.ec\/index.php\/wp-json\/wp\/v2\/comments?post=129"}],"version-history":[{"count":43,"href":"https:\/\/tifloteca.utn.edu.ec\/index.php\/wp-json\/wp\/v2\/pages\/129\/revisions"}],"predecessor-version":[{"id":908,"href":"https:\/\/tifloteca.utn.edu.ec\/index.php\/wp-json\/wp\/v2\/pages\/129\/revisions\/908"}],"up":[{"embeddable":true,"href":"https:\/\/tifloteca.utn.edu.ec\/index.php\/wp-json\/wp\/v2\/pages\/97"}],"wp:attachment":[{"href":"https:\/\/tifloteca.utn.edu.ec\/index.php\/wp-json\/wp\/v2\/media?parent=129"}],"curies":[{"name":"wp","href":"https:\/\/api.w.org\/{rel}","templated":true}]}}